{"id":384,"date":"2025-10-09T11:44:06","date_gmt":"2025-10-09T11:44:06","guid":{"rendered":"https:\/\/moving.docshipper.com\/fr\/?page_id=384"},"modified":"2025-10-27T16:37:29","modified_gmt":"2025-10-27T16:37:29","slug":"services-demenagement-local","status":"publish","type":"page","link":"https:\/\/moving.docshipper.com\/fr\/services-demenagement-local\/","title":{"rendered":"Services de D\u00e9m\u00e9nagement Local"},"content":{"rendered":"\t\t<div data-elementor-type=\"wp-page\" data-elementor-id=\"384\" class=\"elementor elementor-384\" data-elementor-post-type=\"page\">\n\t\t\t\t<div class=\"elementor-element elementor-element-0c6c289 e-flex e-con-boxed e-con e-parent\" data-id=\"0c6c289\" data-element_type=\"container\" data-e-type=\"container\" data-settings=\"{&quot;background_background&quot;:&quot;classic&quot;}\">\n\t\t\t\t\t<div class=\"e-con-inner\">\n\t\t\t\t<div class=\"elementor-element elementor-element-0b0c7fb elementor-widget elementor-widget-docshipper-theme-section-title-one-widget\" data-id=\"0b0c7fb\" data-element_type=\"widget\" data-e-type=\"widget\" data-widget_type=\"docshipper-theme-section-title-one-widget.default\">\n\t\t\t\t<div class=\"elementor-widget-container\">\n\t\t\t\t\t        <div class=\"title-area\">\r\n                        <h1 class=\"sec-title style2\">Transport express pour le <br>d\u00e9m\u00e9nagement local<\/h1>                        \r\n        <\/div>\r\n\t\t\t\t<\/div>\n\t\t\t\t<\/div>\n\t\t\t\t\t<\/div>\n\t\t\t\t<\/div>\n\t\t<div class=\"elementor-element elementor-element-0521672 e-flex e-con-boxed e-con e-parent\" data-id=\"0521672\" data-element_type=\"container\" data-e-type=\"container\">\n\t\t\t\t\t<div class=\"e-con-inner\">\n\t\t\t\t<div class=\"elementor-element elementor-element-b35ca45 elementor-widget elementor-widget-text-editor\" data-id=\"b35ca45\" data-element_type=\"widget\" data-e-type=\"widget\" data-widget_type=\"text-editor.default\">\n\t\t\t\t\t\t\t\t\t<div id=\"pg-67-0\" class=\"panel-grid panel-has-style\"><div class=\"panel-row-style panel-row-style-for-67-0\"><div id=\"pgc-67-0-0\" class=\"panel-grid-cell\"><div id=\"panel-67-0-0-0\" class=\"so-panel widget widget_sow-editor panel-first-child panel-last-child\" data-index=\"0\"><div class=\"so-widget-sow-editor so-widget-sow-editor-base\"><div class=\"siteorigin-widget-tinymce textwidget\"><p>Peu d\u2019entreprises de <strong>d\u00e9m\u00e9nagement local<\/strong> offrent une exp\u00e9rience aussi performante que Moving DocShipper. Nous proposons des services <strong>personnalis\u00e9s<\/strong>, enti\u00e8rement adapt\u00e9s \u00e0 vos besoins et aux sp\u00e9cificit\u00e9s de votre projet sur <strong>courte distance<\/strong> (intra-ville ou r\u00e9gional), avec une organisation claire, des \u00e9quipes fiables et des d\u00e9lais ma\u00eetris\u00e9s.<\/p><p>Un d\u00e9m\u00e9nagement local exige une <strong>pr\u00e9paration rigoureuse<\/strong> : acc\u00e8s immeuble, cr\u00e9neaux d\u2019ascenseur, stationnement, protection du mobilier, planning d\u2019intervention\u2026 D\u2019o\u00f9 l\u2019importance d\u2019un <strong>plan strat\u00e9gique<\/strong> avant le jour J. La moindre erreur peut entra\u00eener des <strong>retards de livraison<\/strong> ou une <strong>hausse du budget<\/strong> \u2014 notre r\u00f4le est d\u2019anticiper, coordonner et ex\u00e9cuter sans friction.<\/p><\/div><\/div><\/div><\/div><\/div><\/div>\t\t\t\t\t\t\t\t<\/div>\n\t\t\t\t<div class=\"elementor-element elementor-element-fba6889 elementor-widget elementor-widget-text-editor\" data-id=\"fba6889\" data-element_type=\"widget\" data-e-type=\"widget\" data-widget_type=\"text-editor.default\">\n\t\t\t\t\t\t\t\t\t<h2>Quel est le secret pour r\u00e9ussir un d\u00e9m\u00e9nagement local&nbsp;?<\/h2>\nChez <em><strong>Moving DocShipper<\/strong><\/em>, nous traitons chaque projet comme s\u2019il s\u2019agissait du n\u00f4tre, <em><strong>en visant toujours le meilleur niveau de service<\/strong><\/em>. Pour une prestation optimale, nous nous y prenons en amont&nbsp;: cadrage du cahier des charges pour anticiper chaque besoin (acc\u00e8s, volumes, protections, planning) \u2014 une \u00e9tape indispensable pour garantir le bon d\u00e9roulement des op\u00e9rations le jour J.\n\n<h2><span id=\"Demenagements_locaux_notre_flotte_de_vehicules\" class=\"ez-toc-section\"><\/span>D\u00e9m\u00e9nagements locaux&nbsp;: notre flotte de v\u00e9hicules<\/h2>\nSi vous cherchez une entreprise de d\u00e9m\u00e9nagement local, nous sommes, sans aucun doute, une option de premier plan. Notre flotte comprend des v\u00e9hicules parfaitement \u00e9quip\u00e9s pour des volumes tr\u00e8s vari\u00e9s&nbsp;: camions dot\u00e9s de <strong>suspension pneumatique<\/strong> et de <strong>tra\u00e7age satellite<\/strong> pour un <strong>suivi en temps r\u00e9el<\/strong>. Ils disposent naturellement d\u2019un <strong>hayon \u00e9l\u00e9vateur<\/strong> pour faciliter le chargement et le d\u00e9chargement \u00e0 l\u2019enl\u00e8vement comme \u00e0 la livraison.\n\nEn bref, nous r\u00e9unissons tout ce dont nos clients ont besoin pour leurs d\u00e9m\u00e9nagements locaux. Nous accompagnons aussi bien les entreprises que les particuliers et les familles. Forts de nombreuses interventions, qu\u2019il s\u2019agisse de transferts d\u2019effets personnels ou de mobilier, <em><strong>vos biens sont entre de bonnes mains\u00a0!<\/strong><\/em>\n\n<div id=\"panel-369-0-0-2\" class=\"so-panel widget widget_sow-editor\" data-index=\"2\">\n<div class=\"featured-widget panel-widget-style panel-widget-style-for-369-0-0-2\">\n<div class=\"so-widget-sow-editor so-widget-sow-editor-base\">\n<div class=\"siteorigin-widget-tinymce textwidget\">\n\n<img fetchpriority=\"high\" decoding=\"async\" class=\"aligncenter size-full wp-image-510 entered lazyloaded\" src=\"https:\/\/moving.docshipper.com\/wp-content\/uploads\/2021\/05\/fret-routier-demenagement.png\" sizes=\"(max-width: 800px) 100vw, 800px\" srcset=\"https:\/\/moving.docshipper.com\/wp-content\/uploads\/2021\/05\/fret-routier-demenagement.png 800w, https:\/\/moving.docshipper.com\/wp-content\/uploads\/2021\/05\/fret-routier-demenagement-300x125.png 300w, https:\/\/moving.docshipper.com\/wp-content\/uploads\/2021\/05\/fret-routier-demenagement-768x320.png 768w\" alt=\"d\u00e9m\u00e9nagement local par fret routier\" width=\"800\" height=\"333\" \/>\n\n<\/div>\n<\/div>\n<\/div>\n<\/div>\n\n<h2><span id=\"Combien_votre_demenagement_va-t-il_couter\" class=\"ez-toc-section\"><\/span>Combien votre d\u00e9m\u00e9nagement va-t-il co\u00fbter&nbsp;?<\/h2>\nQuelques jours avant l\u2019intervention, <em><strong>les consultants Moving DocShipper analysent votre projet<\/strong><\/em> afin d\u2019estimer pr\u00e9cis\u00e9ment le volume \u00e0 d\u00e9placer et d\u2019\u00e9valuer les besoins en <strong>emballage<\/strong>, en <strong>personnel<\/strong> et en <strong>temps<\/strong>. Ainsi, le jour J, chaque op\u00e9rateur conna\u00eet sa mission et vous recevez un <strong>budget ajust\u00e9<\/strong> aux services choisis, <em><strong>pour un d\u00e9m\u00e9nagement au meilleur prix<\/strong><\/em>.\n\n<div id=\"panel-369-2-0-0\" class=\"so-panel widget widget_sow-editor panel-first-child\" data-index=\"6\">\n<div class=\"so-widget-sow-editor so-widget-sow-editor-base\">\n<div class=\"siteorigin-widget-tinymce textwidget\">\n<h2>Des milliers de clients satisfaits du service de d\u00e9m\u00e9nagement local<\/h2>\nPourquoi <em><strong>Moving DocShipper<\/strong><\/em> est-elle devenue une r\u00e9f\u00e9rence du d\u00e9m\u00e9nagement local&nbsp;? Quelques raisons&nbsp;:\n<ul>\n \t<li>Professionnalisme de nos \u00e9quipes terrain et coordination d\u00e9di\u00e9e<\/li>\n \t<li>Renouvellement r\u00e9gulier des v\u00e9hicules et outillages de d\u00e9m\u00e9nagement<\/li>\n \t<li>Confiance port\u00e9e par un r\u00e9seau fiable<\/li>\n \t<li>Des milliers de clients satisfaits<\/li>\n \t<li>Prix ajust\u00e9s aux besoins r\u00e9els de nos clients<\/li>\n<\/ul>\n\n<h2><span id=\"Demenagements_locaux_Vous_meritez_le_meilleur\" class=\"ez-toc-section\"><\/span>D\u00e9m\u00e9nagements locaux&nbsp;| Vous m\u00e9ritez le meilleur&nbsp;!<\/h2>\nPour les d\u00e9m\u00e9nagements locaux, nous offrons un service fond\u00e9 sur la <strong>personnalisation<\/strong> et l\u2019<strong>adaptation<\/strong> compl\u00e8te \u00e0 vos contraintes et pr\u00e9f\u00e9rences. Peu d\u2019acteurs conjuguent qualit\u00e9 de prestation et souplesse. Si vous cherchez une entreprise de <strong>d\u00e9m\u00e9nagement local<\/strong>, <em><strong>Moving DocShipper est une solution de confiance<\/strong><\/em>.\n\nPour r\u00e9aliser votre d\u00e9m\u00e9nagement, nos \u00e9quipes transportent vos effets dans des v\u00e9hicules aux derni\u00e8res avanc\u00e9es\u00a0:\n\n<ul>\n \t<li><strong>Suspension pneumatique<\/strong><\/li>\n \t<li><strong>Syst\u00e8me de localisation<\/strong> pour le suivi<\/li>\n \t<li><strong>Hayons \u00e9l\u00e9vateurs<\/strong> pour le chargement\/d\u00e9chargement<\/li>\n \t<li><strong>Grues de montage<\/strong> pouvant atteindre des \u00e9tages \u00e9lev\u00e9s, si n\u00e9cessaire<\/li>\n<\/ul>\n<\/div>\n<\/div>\n<\/div>\n\n<div id=\"panel-369-2-0-1\" class=\"so-panel widget widget_sow-editor panel-last-child\" data-index=\"7\">\n<div class=\"featured-widget panel-widget-style panel-widget-style-for-369-2-0-1\">\n<div class=\"so-widget-sow-editor so-widget-sow-editor-base\">\n<div class=\"siteorigin-widget-tinymce textwidget\">\n<h2><span id=\"Comment_obtenir_un_devis_pour_un_demenagement_local\" class=\"ez-toc-section\"><\/span>Comment obtenir un devis pour un d\u00e9m\u00e9nagement local&nbsp;?<\/h2>\nLa proc\u00e9dure est simple&nbsp;: rendez-vous sur la page de <a href=\"https:\/\/moving.docshipper.com\/fr\/contact\/\" target=\"_blank\" rel=\"noopener\"><strong>contact<\/strong><\/a> et remplissez le formulaire en ligne. Un <strong>consultant Moving DocShipper<\/strong> vous contacte sous <strong>24&nbsp;h<\/strong> pour d\u00e9finir vos besoins et vous proposer un devis personnalis\u00e9. <em><strong>Et voil\u00e0, vous avez notre offre&nbsp;!<\/strong><\/em>\n<\/div>\n<\/div>\n<\/div>\n<\/div>\n\t\t\t\t\t\t\t\t<\/div>\n\t\t\t\t\t<\/div>\n\t\t\t\t<\/div>\n\t\t\t\t<\/div>\n\t\t","protected":false},"excerpt":{"rendered":"<p>Transport express pour le d\u00e9m\u00e9nagement local Peu d\u2019entreprises de d\u00e9m\u00e9nagement local offrent une exp\u00e9rience aussi performante que Moving DocShipper. Nous proposons des services personnalis\u00e9s, enti\u00e8rement adapt\u00e9s \u00e0 vos besoins et aux sp\u00e9cificit\u00e9s de votre projet sur courte distance (intra-ville ou r\u00e9gional), avec une organisation claire, des \u00e9quipes fiables et des d\u00e9lais ma\u00eetris\u00e9s. Un d\u00e9m\u00e9nagement local<\/p>\n","protected":false},"author":1,"featured_media":0,"parent":0,"menu_order":0,"comment_status":"closed","ping_status":"closed","template":"elementor_header_footer","meta":{"inline_featured_image":false,"footnotes":""},"class_list":["post-384","page","type-page","status-publish","hentry"],"_links":{"self":[{"href":"https:\/\/moving.docshipper.com\/fr\/wp-json\/wp\/v2\/pages\/384","targetHints":{"allow":["GET"]}}],"collection":[{"href":"https:\/\/moving.docshipper.com\/fr\/wp-json\/wp\/v2\/pages"}],"about":[{"href":"https:\/\/moving.docshipper.com\/fr\/wp-json\/wp\/v2\/types\/page"}],"author":[{"embeddable":true,"href":"https:\/\/moving.docshipper.com\/fr\/wp-json\/wp\/v2\/users\/1"}],"replies":[{"embeddable":true,"href":"https:\/\/moving.docshipper.com\/fr\/wp-json\/wp\/v2\/comments?post=384"}],"version-history":[{"count":10,"href":"https:\/\/moving.docshipper.com\/fr\/wp-json\/wp\/v2\/pages\/384\/revisions"}],"predecessor-version":[{"id":1302,"href":"https:\/\/moving.docshipper.com\/fr\/wp-json\/wp\/v2\/pages\/384\/revisions\/1302"}],"wp:attachment":[{"href":"https:\/\/moving.docshipper.com\/fr\/wp-json\/wp\/v2\/media?parent=384"}],"curies":[{"name":"wp","href":"https:\/\/api.w.org\/{rel}","templated":true}]}}