{"id":368,"date":"2025-10-09T11:31:13","date_gmt":"2025-10-09T11:31:13","guid":{"rendered":"https:\/\/moving.docshipper.com\/fr\/?page_id=368"},"modified":"2026-01-12T11:10:10","modified_gmt":"2026-01-12T11:10:10","slug":"contact","status":"publish","type":"page","link":"https:\/\/moving.docshipper.com\/fr\/contact\/","title":{"rendered":"Contact"},"content":{"rendered":"\t\t<div data-elementor-type=\"wp-page\" data-elementor-id=\"368\" class=\"elementor elementor-368\" data-elementor-post-type=\"page\">\n\t\t\t\t\t\t<section class=\"elementor-section elementor-top-section elementor-element elementor-element-75fd19da elementor-section-boxed elementor-section-height-default elementor-section-height-default\" data-id=\"75fd19da\" data-element_type=\"section\" data-e-type=\"section\" data-settings=\"{&quot;background_background&quot;:&quot;classic&quot;}\">\n\t\t\t\t\t\t\t<div class=\"elementor-background-overlay\"><\/div>\n\t\t\t\t\t\t\t<div class=\"elementor-container elementor-column-gap-default\">\n\t\t\t\t\t<div class=\"elementor-column elementor-col-100 elementor-top-column elementor-element elementor-element-330a0fd4\" data-id=\"330a0fd4\" data-element_type=\"column\" data-e-type=\"column\">\n\t\t\t<div class=\"elementor-widget-wrap elementor-element-populated\">\n\t\t\t\t\t\t<div class=\"elementor-element elementor-element-500d5f69 elementor-widget elementor-widget-docshipper-theme-section-title-one-widget\" data-id=\"500d5f69\" data-element_type=\"widget\" data-e-type=\"widget\" data-widget_type=\"docshipper-theme-section-title-one-widget.default\">\n\t\t\t\t<div class=\"elementor-widget-container\">\n\t\t\t\t\t        <div class=\"title-area\">\r\n                        <h2 class=\"sec-title style2\">Contactez-Nous<\/h2>                                        <p class=\"sec-text\"><b>Vous avez des effets personnels \u00e0 d\u00e9m\u00e9nager \u00e0 l'\u00e9tranger ? <\/b><br>Inutile de chercher plus loin.\nMoving DocShipper aide depuis des ann\u00e9es les particuliers \u00e0 exp\u00e9dier leurs effets personnels (valises, meubles, articles m\u00e9nagers, animaux de compagnie, voitures, etc.) partout dans le monde. Nous nous occupons de tout pour que vous n'ayez pas \u00e0 vous stresser. De plus, nous ma\u00eetrisons les proc\u00e9dures douani\u00e8res des diff\u00e9rents pays (exemptions, taxes), ce qui vous fait gagner beaucoup d'argent et de temps.\n<\/p>\r\n            \r\n        <\/div>\r\n\t\t\t\t<\/div>\n\t\t\t\t<\/div>\n\t\t\t\t\t<\/div>\n\t\t<\/div>\n\t\t\t\t\t<\/div>\n\t\t<\/section>\n\t\t\t\t<section class=\"elementor-section elementor-top-section elementor-element elementor-element-3b43e3e5 mobile-bg-gray elementor-section-full_width elementor-section-height-default elementor-section-height-default\" data-id=\"3b43e3e5\" data-element_type=\"section\" data-e-type=\"section\" data-settings=\"{&quot;background_background&quot;:&quot;classic&quot;}\">\n\t\t\t\t\t\t<div class=\"elementor-container elementor-column-gap-default\">\n\t\t\t\t\t<div class=\"elementor-column elementor-col-100 elementor-top-column elementor-element elementor-element-6d7a3648\" data-id=\"6d7a3648\" data-element_type=\"column\" data-e-type=\"column\">\n\t\t\t<div class=\"elementor-widget-wrap elementor-element-populated\">\n\t\t\t\t\t\t<div class=\"elementor-element elementor-element-469262e6 e-n-tabs-tablet elementor-widget elementor-widget-n-tabs\" data-id=\"469262e6\" data-element_type=\"widget\" data-e-type=\"widget\" data-settings=\"{&quot;horizontal_scroll_mobile&quot;:&quot;disable&quot;,&quot;horizontal_scroll_tablet&quot;:&quot;disable&quot;,&quot;horizontal_scroll&quot;:&quot;disable&quot;}\" data-widget_type=\"nested-tabs.default\">\n\t\t\t\t\t\t\t<div class=\"e-n-tabs\" data-widget-number=\"1183998694\" aria-label=\"Onglets. Ouvrez des \u00e9l\u00e9ments avec Entrer ou Espace, fermez-les avec Echape et naviguez \u00e0 l&#039;aide des touches fl\u00e9ch\u00e9es.\">\n\t\t\t<div class=\"e-n-tabs-heading\" role=\"tablist\">\n\t\t\t\t\t<button id=\"e-n-tab-title-11839986941\" data-tab-title-id=\"e-n-tab-title-11839986941\" class=\"e-n-tab-title\" aria-selected=\"true\" data-tab-index=\"1\" role=\"tab\" tabindex=\"0\" aria-controls=\"e-n-tab-content-11839986941\" style=\"--n-tabs-title-order: 1;\">\n\t\t\t\t\t<span class=\"e-n-tab-icon\">\n\t\t\t<svg aria-hidden=\"true\" class=\"e-font-icon-svg e-fas-angle-double-down\" viewBox=\"0 0 320 512\" xmlns=\"http:\/\/www.w3.org\/2000\/svg\"><path d=\"M143 256.3L7 120.3c-9.4-9.4-9.4-24.6 0-33.9l22.6-22.6c9.4-9.4 24.6-9.4 33.9 0l96.4 96.4 96.4-96.4c9.4-9.4 24.6-9.4 33.9 0L313 86.3c9.4 9.4 9.4 24.6 0 33.9l-136 136c-9.4 9.5-24.6 9.5-34 .1zm34 192l136-136c9.4-9.4 9.4-24.6 0-33.9l-22.6-22.6c-9.4-9.4-24.6-9.4-33.9 0L160 352.1l-96.4-96.4c-9.4-9.4-24.6-9.4-33.9 0L7 278.3c-9.4 9.4-9.4 24.6 0 33.9l136 136c9.4 9.5 24.6 9.5 34 .1z\"><\/path><\/svg>\t\t\t<svg aria-hidden=\"true\" class=\"e-font-icon-svg e-fas-angle-double-down\" viewBox=\"0 0 320 512\" xmlns=\"http:\/\/www.w3.org\/2000\/svg\"><path d=\"M143 256.3L7 120.3c-9.4-9.4-9.4-24.6 0-33.9l22.6-22.6c9.4-9.4 24.6-9.4 33.9 0l96.4 96.4 96.4-96.4c9.4-9.4 24.6-9.4 33.9 0L313 86.3c9.4 9.4 9.4 24.6 0 33.9l-136 136c-9.4 9.5-24.6 9.5-34 .1zm34 192l136-136c9.4-9.4 9.4-24.6 0-33.9l-22.6-22.6c-9.4-9.4-24.6-9.4-33.9 0L160 352.1l-96.4-96.4c-9.4-9.4-24.6-9.4-33.9 0L7 278.3c-9.4 9.4-9.4 24.6 0 33.9l136 136c9.4 9.5 24.6 9.5 34 .1z\"><\/path><\/svg>\t\t<\/span>\n\t\t\t\t\t<span class=\"e-n-tab-title-text\">\n\t\t\t\t\t\t\t<\/span>\n\t\t<\/button>\n\t\t\t\t\t<\/div>\n\t\t\t<div class=\"e-n-tabs-content\">\n\t\t\t\t<div id=\"e-n-tab-content-11839986941\" role=\"tabpanel\" aria-labelledby=\"e-n-tab-title-11839986941\" data-tab-index=\"1\" style=\"--n-tabs-title-order: 1;\" class=\"e-active elementor-element elementor-element-19ffcbe3 e-con-full e-flex e-con e-child\" data-id=\"19ffcbe3\" data-element_type=\"container\" data-e-type=\"container\" data-settings=\"{&quot;background_background&quot;:&quot;classic&quot;}\">\n\t\t\t\t<div class=\"elementor-element elementor-element-7cc12e8e elementor-widget__width-inherit elementor-widget elementor-widget-html\" data-id=\"7cc12e8e\" data-element_type=\"widget\" data-e-type=\"widget\" data-widget_type=\"html.default\">\n\t\t\t\t\t<div id=\"zf_div_vFtZ2E0wZu3cmocO36GA-L-ZfGABboZ8UndekiTEFOg\"><\/div>\r\n<script type=\"text\/javascript\">\r\n(function() {\r\n  try{\r\n    var f = document.createElement(\"iframe\");\r\n\r\n    var ifrmSrc = 'https:\/\/forms.zohopublic.com\/dev27\/form\/DEVISDEDMNAGEMENTGRATUIT1\/formperma\/vFtZ2E0wZu3cmocO36GA-L-ZfGABboZ8UndekiTEFOg?zf_rszfm=1';\r\n\r\n    \/\/ \u2705 Ajout referrername = https:\/\/moving.docshipper.com\/fr\/\r\n    ifrmSrc += '&referrername=' + encodeURIComponent('https:\/\/moving.docshipper.com\/fr\/');\r\n\r\n    try{\r\n      if ( typeof ZFAdvLead != \"undefined\" && typeof zfutm_zfAdvLead != \"undefined\" ) {\r\n        for( var prmIdx = 0 ; prmIdx < ZFAdvLead.utmPNameArr.length ; prmIdx ++ ) {\r\n          var utmPm = ZFAdvLead.utmPNameArr[ prmIdx ];\r\n          utmPm = ( ZFAdvLead.isSameDomian && ( ZFAdvLead.utmcustPNameArr.indexOf(utmPm) == -1 ) ) ? \"zf_\" + utmPm : utmPm;\r\n          var utmVal = zfutm_zfAdvLead.zfautm_gC_enc( ZFAdvLead.utmPNameArr[ prmIdx ] );\r\n          if ( typeof utmVal !== \"undefined\" ) {\r\n            if ( utmVal != \"\" ) {\r\n              if(ifrmSrc.indexOf('?') > 0){\r\n                ifrmSrc = ifrmSrc+'&'+utmPm+'='+utmVal;\r\n              }else{\r\n                ifrmSrc = ifrmSrc+'?'+utmPm+'='+utmVal;\r\n              }\r\n            }\r\n          }\r\n        }\r\n      }\r\n      if ( typeof ZFLead !== \"undefined\" && typeof zfutm_zfLead !== \"undefined\" ) {\r\n        for( var prmIdx = 0 ; prmIdx < ZFLead.utmPNameArr.length ; prmIdx ++ ) {\r\n          var utmPm = ZFLead.utmPNameArr[ prmIdx ];\r\n          var utmVal = zfutm_zfLead.zfutm_gC_enc( ZFLead.utmPNameArr[ prmIdx ] );\r\n          if ( typeof utmVal !== \"undefined\" ) {\r\n            if ( utmVal != \"\" ){\r\n              if(ifrmSrc.indexOf('?') > 0){\r\n                ifrmSrc = ifrmSrc+'&'+utmPm+'='+utmVal;\/\/No I18N\r\n              }else{\r\n                ifrmSrc = ifrmSrc+'?'+utmPm+'='+utmVal;\/\/No I18N\r\n              }\r\n            }\r\n          }\r\n        }\r\n      }\r\n    }catch(e){}\r\n\r\n    f.src = ifrmSrc;\r\n    f.style.border=\"none\";\r\n    f.style.height=\"2102px\";\r\n    f.style.width=\"100%\";\r\n    f.style.transition=\"all 0.5s ease\";\r\n    f.setAttribute(\"aria-label\", 'DEVIS DE D\u00c9M\u00c9NAGEMENT GRATUIT');\r\n\r\n    var d = document.getElementById(\"zf_div_vFtZ2E0wZu3cmocO36GA-L-ZfGABboZ8UndekiTEFOg\");\r\n    d.appendChild(f);\r\n\r\n    window.addEventListener('message', function (event){\r\n      var evntData = event.data;\r\n      if( evntData && evntData.constructor == String ){\r\n        var zf_ifrm_data = evntData.split(\"|\");\r\n        if ( zf_ifrm_data.length == 2 || zf_ifrm_data.length == 3 ) {\r\n          var zf_perma = zf_ifrm_data[0];\r\n          var zf_ifrm_ht_nw = ( parseInt(zf_ifrm_data[1], 10) + 15 ) + \"px\";\r\n          var iframe = document.getElementById(\"zf_div_vFtZ2E0wZu3cmocO36GA-L-ZfGABboZ8UndekiTEFOg\").getElementsByTagName(\"iframe\")[0];\r\n          if ( (iframe.src).indexOf('formperma') > 0 && (iframe.src).indexOf(zf_perma) > 0 ) {\r\n            var prevIframeHeight = iframe.style.height;\r\n            var zf_tout = false;\r\n            if( zf_ifrm_data.length == 3 ) {\r\n              iframe.scrollIntoView();\r\n              zf_tout = true;\r\n            }\r\n            if ( prevIframeHeight != zf_ifrm_ht_nw ) {\r\n              if( zf_tout ) {\r\n                setTimeout(function(){ iframe.style.height = zf_ifrm_ht_nw; },500);\r\n              } else {\r\n                iframe.style.height = zf_ifrm_ht_nw;\r\n              }\r\n            }\r\n          }\r\n        }\r\n      }\r\n    }, false);\r\n\r\n  }catch(e){}\r\n})();\r\n<\/script>\r\n\t\t\t\t<\/div>\n\t\t\t\t<\/div>\n\t\t\t\t\t<\/div>\n\t\t<\/div>\n\t\t\t\t\t\t<\/div>\n\t\t\t\t\t<\/div>\n\t\t<\/div>\n\t\t\t\t\t<\/div>\n\t\t<\/section>\n\t\t<div class=\"elementor-element elementor-element-5c02b425 e-flex e-con-boxed e-con e-parent\" data-id=\"5c02b425\" data-element_type=\"container\" data-e-type=\"container\">\n\t\t\t\t\t<div class=\"e-con-inner\">\n\t\t<div class=\"elementor-element elementor-element-79fceaaf e-con-full e-flex e-con e-child\" data-id=\"79fceaaf\" data-element_type=\"container\" data-e-type=\"container\">\n\t\t\t\t<div class=\"elementor-element elementor-element-2581dd68 elementor-widget elementor-widget-docshipper-theme-section-title-one-widget\" data-id=\"2581dd68\" data-element_type=\"widget\" data-e-type=\"widget\" data-widget_type=\"docshipper-theme-section-title-one-widget.default\">\n\t\t\t\t<div class=\"elementor-widget-container\">\n\t\t\t\t\t        <div class=\"title-area\">\r\n                        <h2 class=\"sec-title style2\">Vous ne souhaitez pas utiliser le formulaire ? <br><span>Envoyez-nous votre demande ici :<\/span><\/h2>                        \r\n        <\/div>\r\n\t\t\t\t<\/div>\n\t\t\t\t<\/div>\n\t\t\t\t<\/div>\n\t\t\t\t\t<\/div>\n\t\t\t\t<\/div>\n\t\t\t\t<section class=\"elementor-section elementor-top-section elementor-element elementor-element-2c8e2b7f elementor-section-boxed elementor-section-height-default elementor-section-height-default\" data-id=\"2c8e2b7f\" data-element_type=\"section\" data-e-type=\"section\">\n\t\t\t\t\t\t<div class=\"elementor-container elementor-column-gap-default\">\n\t\t\t\t\t<div class=\"elementor-column elementor-col-100 elementor-top-column elementor-element elementor-element-4ee008cb\" data-id=\"4ee008cb\" data-element_type=\"column\" data-e-type=\"column\">\n\t\t\t<div class=\"elementor-widget-wrap elementor-element-populated\">\n\t\t\t\t\t\t<section class=\"elementor-section elementor-inner-section elementor-element elementor-element-3dd45f9e elementor-section-boxed elementor-section-height-default elementor-section-height-default\" data-id=\"3dd45f9e\" data-element_type=\"section\" data-e-type=\"section\">\n\t\t\t\t\t\t<div class=\"elementor-container elementor-column-gap-default\">\n\t\t\t\t\t<div class=\"elementor-column elementor-col-33 elementor-inner-column elementor-element elementor-element-a778ed3 overfollow-hidden\" data-id=\"a778ed3\" data-element_type=\"column\" data-e-type=\"column\">\n\t\t\t<div class=\"elementor-widget-wrap elementor-element-populated\">\n\t\t\t\t\t\t<div class=\"elementor-element elementor-element-3a1d0e86 elementor-widget__width-auto elementor-absolute elementor-widget elementor-widget-image\" data-id=\"3a1d0e86\" data-element_type=\"widget\" data-e-type=\"widget\" data-settings=\"{&quot;_position&quot;:&quot;absolute&quot;}\" data-widget_type=\"image.default\">\n\t\t\t\t\t\t\t\t\t\t\t\t\t\t\t<img decoding=\"async\" src=\"https:\/\/moving.docshipper.com\/fr\/wp-content\/uploads\/sites\/3\/elementor\/thumbs\/Component-15-2-rcy9k4xas44iu003p9a4v7u7cnudsrcvhhq23yclbc.png\" title=\"Component-15-2.png\" alt=\"Component-15-2.png\" loading=\"lazy\" \/>\t\t\t\t\t\t\t\t\t\t\t\t\t\t\t<\/div>\n\t\t\t\t<div class=\"elementor-element elementor-element-203f1573 elementor-widget elementor-widget-docshipper-image-box-widget\" data-id=\"203f1573\" data-element_type=\"widget\" data-e-type=\"widget\" data-widget_type=\"docshipper-image-box-widget.default\">\n\t\t\t\t<div class=\"elementor-widget-container\">\n\t\t\t\t\t        <div class=\"image-box-wrap top-style wow animated fadeInUp\" data-wow-duration=\"1.5s\" data-wow-delay=\"0.4s\">\r\n            <div class=\"content-inner\">\r\n                <h3 class=\"title\" >Live Chat<\/h3>                                    <p class=\"content\">Obtenez une assistance imm\u00e9diate de notre \u00e9quipe \u2014 il vous suffit de cliquer et de commencer \u00e0 discuter !<\/p>\r\n                                                    <a class=\"btn btn-base\" href=\"https:\/\/support.docshipper.com\/\" target=\"_blank\" rel=\"noopener\">\r\n                                                    <span class=\"btn_texts\">\r\n                                Discuter en direct                            <\/span>\r\n                                                                            <span class=\"btn_icons float-end\">\r\n                                                            <\/span>\r\n                                            <\/a>\r\n                            <\/div>\r\n                                <div class=\"thumb \">\r\n                        <img decoding=\"async\" src=\"https:\/\/moving.docshipper.com\/fr\/wp-content\/uploads\/sites\/3\/2025\/10\/customer-support.svg\" alt=\"image\">\r\n                    <\/div>\r\n                    <\/div>\r\n\r\n\t\t\t\t<\/div>\n\t\t\t\t<\/div>\n\t\t\t\t\t<\/div>\n\t\t<\/div>\n\t\t\t\t<div class=\"elementor-column elementor-col-33 elementor-inner-column elementor-element elementor-element-5179f182 overfollow-hidden\" data-id=\"5179f182\" data-element_type=\"column\" data-e-type=\"column\">\n\t\t\t<div class=\"elementor-widget-wrap elementor-element-populated\">\n\t\t\t\t\t\t<div class=\"elementor-element elementor-element-53dde062 elementor-widget elementor-widget-docshipper-image-box-widget\" data-id=\"53dde062\" data-element_type=\"widget\" data-e-type=\"widget\" data-widget_type=\"docshipper-image-box-widget.default\">\n\t\t\t\t<div class=\"elementor-widget-container\">\n\t\t\t\t\t        <div class=\"image-box-wrap top-style wow animated fadeInUp\" data-wow-duration=\"1.5s\" data-wow-delay=\"0.3s\">\r\n            <div class=\"content-inner\">\r\n                <h3 class=\"title\" >Whatsapp<\/h3>                                    <p class=\"content\">Contactez-nous sur WhatsApp pour un support rapide, pratique et personnalis\u00e9. Que vous soyez \u00e0 la maison, au bureau ou en d\u00e9placement, nous sommes l\u00e0 pour r\u00e9pondre \u00e0 toutes vos questions, en toute simplicit\u00e9.<\/p>\r\n                                                    <a class=\"btn btn-base\" href=\"https:\/\/wa.me\/33744951388\/\" target=\"_blank\" rel=\"noopener\">\r\n                                                    <span class=\"btn_texts\">\r\n                                Discuter sur WhatsApp                            <\/span>\r\n                                                                            <span class=\"btn_icons float-end\">\r\n                                                            <\/span>\r\n                                            <\/a>\r\n                            <\/div>\r\n                                <div class=\"thumb \">\r\n                        <img decoding=\"async\" src=\"https:\/\/moving.docshipper.com\/fr\/wp-content\/uploads\/sites\/3\/2025\/10\/Whatsapp_Icon-e1741186868823.png\" alt=\"image\">\r\n                    <\/div>\r\n                    <\/div>\r\n\r\n\t\t\t\t<\/div>\n\t\t\t\t<\/div>\n\t\t\t\t<div class=\"elementor-element elementor-element-68e9e65e elementor-widget__width-auto elementor-absolute elementor-widget elementor-widget-image\" data-id=\"68e9e65e\" data-element_type=\"widget\" data-e-type=\"widget\" data-settings=\"{&quot;_position&quot;:&quot;absolute&quot;}\" data-widget_type=\"image.default\">\n\t\t\t\t\t\t\t\t\t\t\t\t\t\t\t<img decoding=\"async\" src=\"https:\/\/moving.docshipper.com\/fr\/wp-content\/uploads\/sites\/3\/elementor\/thumbs\/Component-15-2-rcy9k4xas44iu003p9a4v7u7cnudsrcvhhq23yclbc.png\" title=\"Component-15-2.png\" alt=\"Component-15-2.png\" loading=\"lazy\" \/>\t\t\t\t\t\t\t\t\t\t\t\t\t\t\t<\/div>\n\t\t\t\t\t<\/div>\n\t\t<\/div>\n\t\t\t\t<div class=\"elementor-column elementor-col-33 elementor-inner-column elementor-element elementor-element-147dfa58 overfollow-hidden\" data-id=\"147dfa58\" data-element_type=\"column\" data-e-type=\"column\">\n\t\t\t<div class=\"elementor-widget-wrap elementor-element-populated\">\n\t\t\t\t\t\t<div class=\"elementor-element elementor-element-12ba298d elementor-widget elementor-widget-docshipper-image-box-widget\" data-id=\"12ba298d\" data-element_type=\"widget\" data-e-type=\"widget\" data-widget_type=\"docshipper-image-box-widget.default\">\n\t\t\t\t<div class=\"elementor-widget-container\">\n\t\t\t\t\t        <div class=\"image-box-wrap top-style wow animated fadeInUp\" data-wow-duration=\"1.5s\" data-wow-delay=\"0.4s\">\r\n            <div class=\"content-inner\">\r\n                <h3 class=\"title\" >Email<\/h3>                                    <p class=\"content\">Vous pr\u00e9f\u00e9rez envoyer un email ? Transmettez-nous votre demande et nous vous r\u00e9pondrons dans les plus brefs d\u00e9lais.<\/p>\r\n                                                    <a class=\"btn btn-base\" href=\"mailto:info@docshipper.com\">\r\n                                                    <span class=\"btn_texts\">\r\n                                Nous contacter                            <\/span>\r\n                                                                            <span class=\"btn_icons float-end\">\r\n                                                            <\/span>\r\n                                            <\/a>\r\n                            <\/div>\r\n                                <div class=\"thumb \">\r\n                        <img decoding=\"async\" src=\"https:\/\/moving.docshipper.com\/fr\/wp-content\/uploads\/sites\/3\/2025\/10\/Icon-3-1-1.svg\" alt=\"image\">\r\n                    <\/div>\r\n                    <\/div>\r\n\r\n\t\t\t\t<\/div>\n\t\t\t\t<\/div>\n\t\t\t\t<div class=\"elementor-element elementor-element-5e9fab8 elementor-widget__width-auto elementor-absolute elementor-widget elementor-widget-image\" data-id=\"5e9fab8\" data-element_type=\"widget\" data-e-type=\"widget\" data-settings=\"{&quot;_position&quot;:&quot;absolute&quot;}\" data-widget_type=\"image.default\">\n\t\t\t\t\t\t\t\t\t\t\t\t\t\t\t<img decoding=\"async\" src=\"https:\/\/moving.docshipper.com\/fr\/wp-content\/uploads\/sites\/3\/elementor\/thumbs\/Component-15-2-rcy9k4xas44iu003p9a4v7u7cnudsrcvhhq23yclbc.png\" title=\"Component-15-2.png\" alt=\"Component-15-2.png\" loading=\"lazy\" \/>\t\t\t\t\t\t\t\t\t\t\t\t\t\t\t<\/div>\n\t\t\t\t\t<\/div>\n\t\t<\/div>\n\t\t\t\t\t<\/div>\n\t\t<\/section>\n\t\t\t\t\t<\/div>\n\t\t<\/div>\n\t\t\t\t\t<\/div>\n\t\t<\/section>\n\t\t\t\t<\/div>\n\t\t","protected":false},"excerpt":{"rendered":"<p>Contactez-Nous Vous avez des effets personnels \u00e0 d\u00e9m\u00e9nager \u00e0 l&rsquo;\u00e9tranger ? Inutile de chercher plus loin. Moving DocShipper aide depuis des ann\u00e9es les particuliers \u00e0 exp\u00e9dier leurs effets personnels (valises, meubles, articles m\u00e9nagers, animaux de compagnie, voitures, etc.) partout dans le monde. Nous nous occupons de tout pour que vous n&rsquo;ayez pas \u00e0 vous stresser.<\/p>\n","protected":false},"author":1,"featured_media":0,"parent":0,"menu_order":0,"comment_status":"closed","ping_status":"closed","template":"elementor_header_footer","meta":{"inline_featured_image":false,"footnotes":""},"class_list":["post-368","page","type-page","status-publish","hentry"],"_links":{"self":[{"href":"https:\/\/moving.docshipper.com\/fr\/wp-json\/wp\/v2\/pages\/368","targetHints":{"allow":["GET"]}}],"collection":[{"href":"https:\/\/moving.docshipper.com\/fr\/wp-json\/wp\/v2\/pages"}],"about":[{"href":"https:\/\/moving.docshipper.com\/fr\/wp-json\/wp\/v2\/types\/page"}],"author":[{"embeddable":true,"href":"https:\/\/moving.docshipper.com\/fr\/wp-json\/wp\/v2\/users\/1"}],"replies":[{"embeddable":true,"href":"https:\/\/moving.docshipper.com\/fr\/wp-json\/wp\/v2\/comments?post=368"}],"version-history":[{"count":13,"href":"https:\/\/moving.docshipper.com\/fr\/wp-json\/wp\/v2\/pages\/368\/revisions"}],"predecessor-version":[{"id":1415,"href":"https:\/\/moving.docshipper.com\/fr\/wp-json\/wp\/v2\/pages\/368\/revisions\/1415"}],"wp:attachment":[{"href":"https:\/\/moving.docshipper.com\/fr\/wp-json\/wp\/v2\/media?parent=368"}],"curies":[{"name":"wp","href":"https:\/\/api.w.org\/{rel}","templated":true}]}}