{"id":290,"date":"2025-10-09T11:19:38","date_gmt":"2025-10-09T11:19:38","guid":{"rendered":"https:\/\/moving.docshipper.com\/fr\/?page_id=290"},"modified":"2025-10-10T13:30:10","modified_gmt":"2025-10-10T13:30:10","slug":"blog","status":"publish","type":"page","link":"https:\/\/moving.docshipper.com\/fr\/blog\/","title":{"rendered":"blog"},"content":{"rendered":"\t\t<div data-elementor-type=\"wp-page\" data-elementor-id=\"290\" class=\"elementor elementor-290\" data-elementor-post-type=\"page\">\n\t\t\t\t\t\t<section class=\"elementor-section elementor-top-section elementor-element elementor-element-78e6ce2 elementor-section-boxed elementor-section-height-default elementor-section-height-default\" data-id=\"78e6ce2\" data-element_type=\"section\" data-e-type=\"section\" data-settings=\"{&quot;background_background&quot;:&quot;classic&quot;}\">\n\t\t\t\t\t\t\t<div class=\"elementor-background-overlay\"><\/div>\n\t\t\t\t\t\t\t<div class=\"elementor-container elementor-column-gap-default\">\n\t\t\t\t\t<div class=\"elementor-column elementor-col-50 elementor-top-column elementor-element elementor-element-291aaa77\" data-id=\"291aaa77\" data-element_type=\"column\" data-e-type=\"column\">\n\t\t\t<div class=\"elementor-widget-wrap elementor-element-populated\">\n\t\t\t\t\t\t<div class=\"elementor-element elementor-element-397338aa elementor-widget elementor-widget-docshipper-theme-section-title-one-widget\" data-id=\"397338aa\" data-element_type=\"widget\" data-e-type=\"widget\" data-widget_type=\"docshipper-theme-section-title-one-widget.default\">\n\t\t\t\t<div class=\"elementor-widget-container\">\n\t\t\t\t\t        <div class=\"title-area\">\r\n                        <h1 class=\"sec-title style2\">Blog<\/h1>                                        <p class=\"sec-text\">D\u00e9couvrez des conseils pratiques, des analyses et des mises \u00e0 jour essentielles pour pr\u00e9parer et r\u00e9ussir votre d\u00e9m\u00e9nagement.\n\n\n\n\n<\/p>\r\n            \r\n        <\/div>\r\n\t\t\t\t<\/div>\n\t\t\t\t<\/div>\n\t\t\t\t\t<\/div>\n\t\t<\/div>\n\t\t\t\t<div class=\"elementor-column elementor-col-50 elementor-top-column elementor-element elementor-element-6323c084\" data-id=\"6323c084\" data-element_type=\"column\" data-e-type=\"column\">\n\t\t\t<div class=\"elementor-widget-wrap\">\n\t\t\t\t\t\t\t<\/div>\n\t\t<\/div>\n\t\t\t\t\t<\/div>\n\t\t<\/section>\n\t\t\t\t<section class=\"elementor-section elementor-top-section elementor-element elementor-element-7c0d0124 elementor-section-boxed elementor-section-height-default elementor-section-height-default\" data-id=\"7c0d0124\" data-element_type=\"section\" data-e-type=\"section\">\n\t\t\t\t\t\t<div class=\"elementor-container elementor-column-gap-default\">\n\t\t\t\t\t<div class=\"elementor-column elementor-col-100 elementor-top-column elementor-element elementor-element-70da7011\" data-id=\"70da7011\" data-element_type=\"column\" data-e-type=\"column\">\n\t\t\t<div class=\"elementor-widget-wrap elementor-element-populated\">\n\t\t\t\t\t\t<section class=\"elementor-section elementor-inner-section elementor-element elementor-element-56932351 elementor-section-boxed elementor-section-height-default elementor-section-height-default\" data-id=\"56932351\" data-element_type=\"section\" data-e-type=\"section\">\n\t\t\t\t\t\t<div class=\"elementor-container elementor-column-gap-default\">\n\t\t\t\t\t<div class=\"elementor-column elementor-col-100 elementor-inner-column elementor-element elementor-element-54576b98\" data-id=\"54576b98\" data-element_type=\"column\" data-e-type=\"column\">\n\t\t\t<div class=\"elementor-widget-wrap elementor-element-populated\">\n\t\t\t\t\t\t<div class=\"elementor-element elementor-element-413fa22b elementor-widget elementor-widget-heading\" data-id=\"413fa22b\" data-element_type=\"widget\" data-e-type=\"widget\" data-widget_type=\"heading.default\">\n\t\t\t\t\t<h2 class=\"elementor-heading-title elementor-size-default\">Articles r\u00e9cents<\/h2>\t\t\t\t<\/div>\n\t\t\t\t<div class=\"elementor-element elementor-element-52eeb838 elementor-widget elementor-widget-docshipper-blog-list-widget\" data-id=\"52eeb838\" data-element_type=\"widget\" data-e-type=\"widget\" data-widget_type=\"docshipper-blog-list-widget.default\">\n\t\t\t\t<div class=\"elementor-widget-container\">\n\t\t\t\t\t        <div class=\"latest-blog\">\r\n            <ul class=\"latest-blog-list\">\r\n                 \r\n                    <li>\r\n                        <a href=\"https:\/\/moving.docshipper.com\/fr\/demenagement\/demenagement-a-letranger-guide-complet\/\">Comment pr\u00e9parer votre D\u00e9m\u00e9nagement \u00e0 l&rsquo;\u00c9tranger\u202f? guide complet<\/a>\r\n                        <span>septembre 12, 2023<\/span>\r\n                    <\/li>\r\n                 \r\n                    <li>\r\n                        <a href=\"https:\/\/moving.docshipper.com\/fr\/demenagement\/demenagement-international-toutes-les-demarches-quil-faut-suivre\/\">D\u00e9m\u00e9nagement international : toutes les d\u00e9marches qu&rsquo;il faut suivre<\/a>\r\n                        <span>juin 2, 2023<\/span>\r\n                    <\/li>\r\n                 \r\n                    <li>\r\n                        <a href=\"https:\/\/moving.docshipper.com\/fr\/demenagement\/demenager-etranger-guide-complet\/\">Tout ce qu&rsquo;il faut savoir pour d\u00e9m\u00e9nager \u00e0 l&rsquo;\u00e9tranger : notre guide complet<\/a>\r\n                        <span>mai 24, 2023<\/span>\r\n                    <\/li>\r\n                 \r\n                    <li>\r\n                        <a href=\"https:\/\/moving.docshipper.com\/fr\/demenagement\/demenagement-etranger-avec-des-animaux-de-compagnie\/\">D\u00e9m\u00e9nagement \u00e0 l&rsquo;\u00e9tranger: comment d\u00e9m\u00e9nager avec des animaux de compagnie?<\/a>\r\n                        <span>mai 24, 2023<\/span>\r\n                    <\/li>\r\n                 \r\n                    <li>\r\n                        <a href=\"https:\/\/moving.docshipper.com\/fr\/demenagement\/5-etapes-reussir-demenagement-international\/\">5 \u00e9tapes \u00e0 consid\u00e9rer pour r\u00e9ussir votre d\u00e9m\u00e9nagement \u00e0 l&rsquo;international<\/a>\r\n                        <span>mai 23, 2023<\/span>\r\n                    <\/li>\r\n                 \r\n                    <li>\r\n                        <a href=\"https:\/\/moving.docshipper.com\/fr\/demenagement\/faire-appel-agence-de-relocation-comment-la-choisir\/\">Pourquoi faire appel \u00e0 une agence de relocation et comment la choisir ?<\/a>\r\n                        <span>f\u00e9vrier 21, 2023<\/span>\r\n                    <\/li>\r\n                 \r\n                    <li>\r\n                        <a href=\"https:\/\/moving.docshipper.com\/fr\/demenagement\/choisir-societe-de-demenagement-international\/\">Comment devrez-vous choisir une soci\u00e9t\u00e9 de d\u00e9m\u00e9nagement international ?<\/a>\r\n                        <span>f\u00e9vrier 20, 2023<\/span>\r\n                    <\/li>\r\n                 \r\n                    <li>\r\n                        <a href=\"https:\/\/moving.docshipper.com\/fr\/demenagement\/guide-complet-reussir-processus-de-demenagement-international\/\">Le guide complet pour r\u00e9ussir son processus de d\u00e9m\u00e9nagement \u00e0 l&rsquo;international !<\/a>\r\n                        <span>novembre 8, 2022<\/span>\r\n                    <\/li>\r\n                 \r\n                    <li>\r\n                        <a href=\"https:\/\/moving.docshipper.com\/fr\/demenagement\/demenager-sinstaller-canada\/\">Comment d\u00e9m\u00e9nager et s&rsquo;installer au Canada ?<\/a>\r\n                        <span>juillet 14, 2022<\/span>\r\n                    <\/li>\r\n                 \r\n                    <li>\r\n                        <a href=\"https:\/\/moving.docshipper.com\/fr\/demenagement\/demenager-dubai-guide-ultime\/\">D\u00e9m\u00e9nager \u00e0 Duba\u00ef : le guide ultime<\/a>\r\n                        <span>juillet 5, 2022<\/span>\r\n                    <\/li>\r\n                            <\/ul>\r\n        <\/div>\r\n        \t\t\t\t<\/div>\n\t\t\t\t<\/div>\n\t\t\t\t\t<\/div>\n\t\t<\/div>\n\t\t\t\t\t<\/div>\n\t\t<\/section>\n\t\t\t\t\t<\/div>\n\t\t<\/div>\n\t\t\t\t\t<\/div>\n\t\t<\/section>\n\t\t\t\t<section class=\"elementor-section elementor-top-section elementor-element elementor-element-4afd8473 elementor-section-boxed elementor-section-height-default elementor-section-height-default\" data-id=\"4afd8473\" data-element_type=\"section\" data-e-type=\"section\">\n\t\t\t\t\t\t<div class=\"elementor-container elementor-column-gap-default\">\n\t\t\t\t\t<div class=\"elementor-column elementor-col-100 elementor-top-column elementor-element elementor-element-2c227bcf\" data-id=\"2c227bcf\" data-element_type=\"column\" data-e-type=\"column\">\n\t\t\t<div class=\"elementor-widget-wrap elementor-element-populated\">\n\t\t\t\t\t\t<section class=\"elementor-section elementor-inner-section elementor-element elementor-element-4925c34f elementor-section-boxed elementor-section-height-default elementor-section-height-default\" data-id=\"4925c34f\" data-element_type=\"section\" data-e-type=\"section\">\n\t\t\t\t\t\t<div class=\"elementor-container elementor-column-gap-default\">\n\t\t\t\t\t<div class=\"elementor-column elementor-col-100 elementor-inner-column elementor-element elementor-element-51eace23\" data-id=\"51eace23\" data-element_type=\"column\" data-e-type=\"column\">\n\t\t\t<div class=\"elementor-widget-wrap elementor-element-populated\">\n\t\t\t\t\t\t<div class=\"elementor-element elementor-element-60ead3fa elementor-widget elementor-widget-docshipper-blog-slider-one-widget\" data-id=\"60ead3fa\" data-element_type=\"widget\" data-e-type=\"widget\" data-widget_type=\"docshipper-blog-slider-one-widget.default\">\n\t\t\t\t<div class=\"elementor-widget-container\">\n\t\t\t\t\t        <div class=\"blog-slider-one docshipper-rtl-slider\">\r\n            <div class=\"row\">\r\n                <div class=\"col-md-6\">\r\n                    <h2 class=\"mb-3\" >Articles - D\u00e9m\u00e9nagement<\/h2>                <\/div>\r\n                <div class=\"col-md-6\">\r\n                                            <div class=\"slick-carousel-controls nav-wrapper\">\r\n                            <div class=\"slider-nav\"><\/div>\r\n                        <\/div>\r\n                                    <\/div>\r\n            <\/div>\r\n            <div class=\"blog-slider\" id=\"blog-slider-one-carousel-673963112\" data-settings='{\"loop\":\"yes\",\"margin\":\"0\",\"items\":\"4\",\"center\":\"yes\",\"autoplay\":\"\",\"autoplaytimeout\":\"0\",\"nav\":\"yes\",\"dot\":\"no\",\"navleft\":\"<i aria-hidden=\\\"true\\\" class=\\\"fas fa-arrow-left\\\"><\\\/i>\",\"navright\":\"<i aria-hidden=\\\"true\\\" class=\\\"fas fa-arrow-right\\\"><\\\/i>\"}'>\r\n                                    <div class=\"blog-card-one m-2\">\r\n                        <div class=\"blog-img mb-2\">\r\n                            <img decoding=\"async\" src=\"https:\/\/moving.docshipper.com\/fr\/wp-content\/uploads\/sites\/3\/2023\/05\/Tout-ce-quil-faut-savoir-pour-demenager-a-letranger-notre-guide-complet.jpg\" alt=\"blog image\">\r\n                        <\/div>\r\n\r\n                        <p class=\"blog-title\" >\r\n                        <a href=\"https:\/\/moving.docshipper.com\/fr\/demenagement\/demenager-etranger-guide-complet\/\">Tout ce qu&rsquo;il faut savoir pour d\u00e9m\u00e9nager \u00e0 l&rsquo;\u00e9tranger : notre guide complet<\/a>\r\n\r\n                        <\/p>\r\n                    <\/div>\r\n                                    <div class=\"blog-card-one m-2\">\r\n                        <div class=\"blog-img mb-2\">\r\n                            <img decoding=\"async\" src=\"https:\/\/moving.docshipper.com\/fr\/wp-content\/uploads\/sites\/3\/2023\/02\/faire-appel-a-une-agence-de-reloaction.jpg\" alt=\"blog image\">\r\n                        <\/div>\r\n\r\n                        <p class=\"blog-title\" >\r\n                        <a href=\"https:\/\/moving.docshipper.com\/fr\/demenagement\/faire-appel-agence-de-relocation-comment-la-choisir\/\">Pourquoi faire appel \u00e0 une agence de relocation et comment la choisir ?<\/a>\r\n\r\n                        <\/p>\r\n                    <\/div>\r\n                                    <div class=\"blog-card-one m-2\">\r\n                        <div class=\"blog-img mb-2\">\r\n                            <img decoding=\"async\" src=\"https:\/\/moving.docshipper.com\/fr\/wp-content\/uploads\/sites\/3\/2022\/11\/reussir-son-demenagement-a-linternational-docshipper.jpg\" alt=\"blog image\">\r\n                        <\/div>\r\n\r\n                        <p class=\"blog-title\" >\r\n                        <a href=\"https:\/\/moving.docshipper.com\/fr\/demenagement\/guide-complet-reussir-processus-de-demenagement-international\/\">Le guide complet pour r\u00e9ussir son processus de d\u00e9m\u00e9nagement \u00e0 l&rsquo;international !<\/a>\r\n\r\n                        <\/p>\r\n                    <\/div>\r\n                                    <div class=\"blog-card-one m-2\">\r\n                        <div class=\"blog-img mb-2\">\r\n                            <img decoding=\"async\" src=\"https:\/\/moving.docshipper.com\/fr\/wp-content\/uploads\/sites\/3\/2022\/07\/Demenager-a-dubai-guide.jpg\" alt=\"blog image\">\r\n                        <\/div>\r\n\r\n                        <p class=\"blog-title\" >\r\n                        <a href=\"https:\/\/moving.docshipper.com\/fr\/demenagement\/demenager-dubai-guide-ultime\/\">D\u00e9m\u00e9nager \u00e0 Duba\u00ef : le guide ultime<\/a>\r\n\r\n                        <\/p>\r\n                    <\/div>\r\n                                    <div class=\"blog-card-one m-2\">\r\n                        <div class=\"blog-img mb-2\">\r\n                            <img decoding=\"async\" src=\"https:\/\/moving.docshipper.com\/fr\/wp-content\/uploads\/sites\/3\/2023\/06\/Demenagement-international-toutes-les-demarches-quil-faut-suivre.jpg\" alt=\"blog image\">\r\n                        <\/div>\r\n\r\n                        <p class=\"blog-title\" >\r\n                        <a href=\"https:\/\/moving.docshipper.com\/fr\/demenagement\/demenagement-international-toutes-les-demarches-quil-faut-suivre\/\">D\u00e9m\u00e9nagement international : toutes les d\u00e9marches qu&rsquo;il faut suivre<\/a>\r\n\r\n                        <\/p>\r\n                    <\/div>\r\n                                    <div class=\"blog-card-one m-2\">\r\n                        <div class=\"blog-img mb-2\">\r\n                            <img decoding=\"async\" src=\"https:\/\/moving.docshipper.com\/fr\/wp-content\/uploads\/sites\/3\/2023\/05\/Demenagement-a-letranger-comment-demenager-avec-des-animaux-de-compagnie.jpg\" alt=\"blog image\">\r\n                        <\/div>\r\n\r\n                        <p class=\"blog-title\" >\r\n                        <a href=\"https:\/\/moving.docshipper.com\/fr\/demenagement\/demenagement-etranger-avec-des-animaux-de-compagnie\/\">D\u00e9m\u00e9nagement \u00e0 l&rsquo;\u00e9tranger: comment d\u00e9m\u00e9nager avec des animaux de compagnie?<\/a>\r\n\r\n                        <\/p>\r\n                    <\/div>\r\n                            <\/div>\r\n        <\/div>\r\n\t\t\t\t<\/div>\n\t\t\t\t<\/div>\n\t\t\t\t\t<\/div>\n\t\t<\/div>\n\t\t\t\t\t<\/div>\n\t\t<\/section>\n\t\t\t\t\t<\/div>\n\t\t<\/div>\n\t\t\t\t\t<\/div>\n\t\t<\/section>\n\t\t\t\t<\/div>\n\t\t","protected":false},"excerpt":{"rendered":"<p>Blog D\u00e9couvrez des conseils pratiques, des analyses et des mises \u00e0 jour essentielles pour pr\u00e9parer et r\u00e9ussir votre d\u00e9m\u00e9nagement. Articles r\u00e9cents Comment pr\u00e9parer votre D\u00e9m\u00e9nagement \u00e0 l&rsquo;\u00c9tranger\u202f? guide complet septembre 12, 2023 D\u00e9m\u00e9nagement international : toutes les d\u00e9marches qu&rsquo;il faut suivre juin 2, 2023 Tout ce qu&rsquo;il faut savoir pour d\u00e9m\u00e9nager \u00e0 l&rsquo;\u00e9tranger : notre<\/p>\n","protected":false},"author":1,"featured_media":0,"parent":0,"menu_order":0,"comment_status":"closed","ping_status":"closed","template":"elementor_header_footer","meta":{"inline_featured_image":false,"footnotes":""},"class_list":["post-290","page","type-page","status-publish","hentry"],"_links":{"self":[{"href":"https:\/\/moving.docshipper.com\/fr\/wp-json\/wp\/v2\/pages\/290","targetHints":{"allow":["GET"]}}],"collection":[{"href":"https:\/\/moving.docshipper.com\/fr\/wp-json\/wp\/v2\/pages"}],"about":[{"href":"https:\/\/moving.docshipper.com\/fr\/wp-json\/wp\/v2\/types\/page"}],"author":[{"embeddable":true,"href":"https:\/\/moving.docshipper.com\/fr\/wp-json\/wp\/v2\/users\/1"}],"replies":[{"embeddable":true,"href":"https:\/\/moving.docshipper.com\/fr\/wp-json\/wp\/v2\/comments?post=290"}],"version-history":[{"count":7,"href":"https:\/\/moving.docshipper.com\/fr\/wp-json\/wp\/v2\/pages\/290\/revisions"}],"predecessor-version":[{"id":1271,"href":"https:\/\/moving.docshipper.com\/fr\/wp-json\/wp\/v2\/pages\/290\/revisions\/1271"}],"wp:attachment":[{"href":"https:\/\/moving.docshipper.com\/fr\/wp-json\/wp\/v2\/media?parent=290"}],"curies":[{"name":"wp","href":"https:\/\/api.w.org\/{rel}","templated":true}]}}